{"id":104,"date":"2024-12-05T01:16:56","date_gmt":"2024-12-05T04:16:56","guid":{"rendered":"https:\/\/bimbrito.art\/?page_id=104"},"modified":"2025-04-11T21:15:19","modified_gmt":"2025-04-12T00:15:19","slug":"a-artista","status":"publish","type":"page","link":"https:\/\/bimbrito.art\/es\/a-artista\/","title":{"rendered":"El artista"},"content":{"rendered":"<div data-elementor-type=\"wp-page\" data-elementor-id=\"104\" class=\"elementor elementor-104\" data-elementor-post-type=\"page\">\n\t\t\t\t\t\t<section class=\"elementor-section elementor-top-section elementor-element elementor-element-e9b6b65 elementor-section-content-middle elementor-section-boxed elementor-section-height-default elementor-section-height-default\" data-id=\"e9b6b65\" data-element_type=\"section\">\n\t\t\t\t\t\t<div class=\"elementor-container elementor-column-gap-default\">\n\t\t\t\t\t<div class=\"elementor-column elementor-col-50 elementor-top-column elementor-element elementor-element-9fdc1ca\" data-id=\"9fdc1ca\" data-element_type=\"column\">\n\t\t\t<div class=\"elementor-widget-wrap elementor-element-populated\">\n\t\t\t\t\t\t<div class=\"elementor-element elementor-element-b366d2c elementor-widget elementor-widget-image\" data-id=\"b366d2c\" data-element_type=\"widget\" data-widget_type=\"image.default\">\n\t\t\t\t<div class=\"elementor-widget-container\">\n\t\t\t\t\t\t\t\t\t\t\t\t\t\t\t<img decoding=\"async\" src=\"https:\/\/bimbrito.art\/wp-content\/uploads\/2025\/01\/IMG_3485.jpeg\" title=\"IMG_3485\" alt=\"IMG_3485\" loading=\"lazy\" \/>\t\t\t\t\t\t\t\t\t\t\t\t\t\t\t<\/div>\n\t\t\t\t<\/div>\n\t\t\t\t\t<\/div>\n\t\t<\/div>\n\t\t\t\t<div class=\"elementor-column elementor-col-50 elementor-top-column elementor-element elementor-element-ea1f09d\" data-id=\"ea1f09d\" data-element_type=\"column\" data-settings=\"{&quot;background_background&quot;:&quot;classic&quot;}\">\n\t\t\t<div class=\"elementor-widget-wrap elementor-element-populated\">\n\t\t\t\t\t\t<div class=\"elementor-element elementor-element-a8bb003 elementor-widget elementor-widget-heading\" data-id=\"a8bb003\" data-element_type=\"widget\" data-widget_type=\"heading.default\">\n\t\t\t\t<div class=\"elementor-widget-container\">\n\t\t\t\t\t<h2 class=\"elementor-heading-title elementor-size-default\">Bim Brito<\/h2>\t\t\t\t<\/div>\n\t\t\t\t<\/div>\n\t\t\t\t<div class=\"elementor-element elementor-element-4111201 elementor-widget elementor-widget-text-editor\" data-id=\"4111201\" data-element_type=\"widget\" data-widget_type=\"text-editor.default\">\n\t\t\t\t<div class=\"elementor-widget-container\">\n\t\t\t\t\t\t\t\t\t<div><div><p dir=\"auto\">Bienvenido. Soy un artista visual y empresario, nacido y criado en R\u00edo de Janeiro, y mi carrera re\u00fane la comunicaci\u00f3n, la tecnolog\u00eda y el arte.\u00a0<\/p><p dir=\"auto\">Empresaria del sector de la comunicaci\u00f3n y la tecnolog\u00eda, desde hace cinco a\u00f1os estudio pintura, colores y formas en la Escuela de Artes Visuales Parque Lage, donde intento explorar formas de expresi\u00f3n que dialoguen con mi experiencia en innovaci\u00f3n y creatividad.\u00a0<\/p><p dir=\"auto\">Mi <a href=\"https:\/\/bimbrito.art\/es\/obras\/\">funciona<\/a> reflejan una profunda conexi\u00f3n con la ciudad y su din\u00e1mica, traduciendo en colores y texturas la intersecci\u00f3n entre lo urbano y lo subjetivo.<\/p><p dir=\"auto\">Con una mirada sensible y t\u00e9cnica, busco ampliar mis horizontes art\u00edsticos, utilizando elementos contempor\u00e1neos que reflejen las transformaciones sociales y digitales que me rodean.\u00a0<\/p><p dir=\"auto\">Mi trabajo puede ser <a href=\"https:\/\/bimbrito.art\/es\/obras\/\">explorado en este sitio<\/a> donde presento composiciones que se mueven entre lo abstracto y lo figurativo, siempre con un enfoque aut\u00e9ntico y reflexivo sobre la realidad de R\u00edo y reflexiones sobre los m\u00e1s diversos temas relacionados con mi vida cotidiana.<\/p><\/div><\/div><div dir=\"auto\">\u00a0<\/div>\t\t\t\t\t\t\t\t<\/div>\n\t\t\t\t<\/div>\n\t\t\t\t\t<\/div>\n\t\t<\/div>\n\t\t\t\t\t<\/div>\n\t\t<\/section>\n\t\t\t\t<\/div>","protected":false},"excerpt":{"rendered":"<p>Bim Brito Bem-vindos! Sou artista visual e empreendedora, nascida e crescida no Rio de Janeiro, minha trajet\u00f3ria une comunica\u00e7\u00e3o, tecnologia e arte.\u00a0 Empres\u00e1ria do setor de comunica\u00e7\u00e3o e tecnologia,\u00a0 dedico-me ao estudo de pintura, cores e formas na Escola de Artes Visuais do Parque Lage h\u00e1 5 anos, onde busco explorar formas de express\u00e3o que [&hellip;]<\/p>","protected":false},"author":1,"featured_media":418,"parent":0,"menu_order":0,"comment_status":"closed","ping_status":"closed","template":"","meta":{"_acf_changed":false,"footnotes":""},"class_list":["post-104","page","type-page","status-publish","has-post-thumbnail","hentry"],"acf":[],"yoast_head":"<!-- This site is optimized with the Yoast SEO plugin v26.0 - https:\/\/yoast.com\/wordpress\/plugins\/seo\/ -->\n<title>A Artista - Bim Brito<\/title>\n<meta name=\"robots\" content=\"index, follow, max-snippet:-1, max-image-preview:large, max-video-preview:-1\" \/>\n<link rel=\"canonical\" href=\"https:\/\/bimbrito.art\/es\/a-artista\/\" \/>\n<meta property=\"og:locale\" content=\"es_ES\" \/>\n<meta property=\"og:type\" content=\"article\" \/>\n<meta property=\"og:title\" content=\"A Artista - Bim Brito\" \/>\n<meta property=\"og:description\" content=\"Bim Brito Bem-vindos! Sou artista visual e empreendedora, nascida e crescida no Rio de Janeiro, minha trajet\u00f3ria une comunica\u00e7\u00e3o, tecnologia e arte.\u00a0 Empres\u00e1ria do setor de comunica\u00e7\u00e3o e tecnologia,\u00a0 dedico-me ao estudo de pintura, cores e formas na Escola de Artes Visuais do Parque Lage h\u00e1 5 anos, onde busco explorar formas de express\u00e3o que [&hellip;]\" \/>\n<meta property=\"og:url\" content=\"https:\/\/bimbrito.art\/es\/a-artista\/\" \/>\n<meta property=\"og:site_name\" content=\"Bim Brito\" \/>\n<meta property=\"article:modified_time\" content=\"2025-04-12T00:15:19+00:00\" \/>\n<meta property=\"og:image\" content=\"https:\/\/bimbrito.art\/wp-content\/uploads\/2025\/01\/IMG_3485.jpeg\" \/>\n\t<meta property=\"og:image:width\" content=\"1290\" \/>\n\t<meta property=\"og:image:height\" content=\"1752\" \/>\n\t<meta property=\"og:image:type\" content=\"image\/jpeg\" \/>\n<meta name=\"twitter:card\" content=\"summary_large_image\" \/>\n<meta name=\"twitter:label1\" content=\"Est. reading time\" \/>\n\t<meta name=\"twitter:data1\" content=\"2 minutes\" \/>\n<script type=\"application\/ld+json\" class=\"yoast-schema-graph\">{\"@context\":\"https:\/\/schema.org\",\"@graph\":[{\"@type\":\"WebPage\",\"@id\":\"https:\/\/bimbrito.art\/a-artista\/\",\"url\":\"https:\/\/bimbrito.art\/a-artista\/\",\"name\":\"A Artista - Bim Brito\",\"isPartOf\":{\"@id\":\"https:\/\/bimbrito.art\/es\/#website\"},\"primaryImageOfPage\":{\"@id\":\"https:\/\/bimbrito.art\/a-artista\/#primaryimage\"},\"image\":{\"@id\":\"https:\/\/bimbrito.art\/a-artista\/#primaryimage\"},\"thumbnailUrl\":\"https:\/\/bimbrito.art\/wp-content\/uploads\/2025\/01\/IMG_3485.jpeg\",\"datePublished\":\"2024-12-05T04:16:56+00:00\",\"dateModified\":\"2025-04-12T00:15:19+00:00\",\"breadcrumb\":{\"@id\":\"https:\/\/bimbrito.art\/a-artista\/#breadcrumb\"},\"inLanguage\":\"es-ES\",\"potentialAction\":[{\"@type\":\"ReadAction\",\"target\":[\"https:\/\/bimbrito.art\/a-artista\/\"]}]},{\"@type\":\"ImageObject\",\"inLanguage\":\"es-ES\",\"@id\":\"https:\/\/bimbrito.art\/a-artista\/#primaryimage\",\"url\":\"https:\/\/bimbrito.art\/wp-content\/uploads\/2025\/01\/IMG_3485.jpeg\",\"contentUrl\":\"https:\/\/bimbrito.art\/wp-content\/uploads\/2025\/01\/IMG_3485.jpeg\",\"width\":1290,\"height\":1752},{\"@type\":\"BreadcrumbList\",\"@id\":\"https:\/\/bimbrito.art\/a-artista\/#breadcrumb\",\"itemListElement\":[{\"@type\":\"ListItem\",\"position\":1,\"name\":\"In\u00edcio\",\"item\":\"https:\/\/bimbrito.art\/es\/\"},{\"@type\":\"ListItem\",\"position\":2,\"name\":\"A Artista\"}]},{\"@type\":\"WebSite\",\"@id\":\"https:\/\/bimbrito.art\/es\/#website\",\"url\":\"https:\/\/bimbrito.art\/es\/\",\"name\":\"Bim Brito\",\"description\":\"Ressignificando imagens, momentos e sentimentos em arte.\",\"potentialAction\":[{\"@type\":\"SearchAction\",\"target\":{\"@type\":\"EntryPoint\",\"urlTemplate\":\"https:\/\/bimbrito.art\/es\/?s={search_term_string}\"},\"query-input\":{\"@type\":\"PropertyValueSpecification\",\"valueRequired\":true,\"valueName\":\"search_term_string\"}}],\"inLanguage\":\"es-ES\"}]}<\/script>\n<!-- \/ Yoast SEO plugin. -->","yoast_head_json":{"title":"A Artista - Bim Brito","robots":{"index":"index","follow":"follow","max-snippet":"max-snippet:-1","max-image-preview":"max-image-preview:large","max-video-preview":"max-video-preview:-1"},"canonical":"https:\/\/bimbrito.art\/es\/a-artista\/","og_locale":"es_ES","og_type":"article","og_title":"A Artista - Bim Brito","og_description":"Bim Brito Bem-vindos! Sou artista visual e empreendedora, nascida e crescida no Rio de Janeiro, minha trajet\u00f3ria une comunica\u00e7\u00e3o, tecnologia e arte.\u00a0 Empres\u00e1ria do setor de comunica\u00e7\u00e3o e tecnologia,\u00a0 dedico-me ao estudo de pintura, cores e formas na Escola de Artes Visuais do Parque Lage h\u00e1 5 anos, onde busco explorar formas de express\u00e3o que [&hellip;]","og_url":"https:\/\/bimbrito.art\/es\/a-artista\/","og_site_name":"Bim Brito","article_modified_time":"2025-04-12T00:15:19+00:00","og_image":[{"width":1290,"height":1752,"url":"https:\/\/bimbrito.art\/wp-content\/uploads\/2025\/01\/IMG_3485.jpeg","type":"image\/jpeg"}],"twitter_card":"summary_large_image","twitter_misc":{"Est. reading time":"2 minutes"},"schema":{"@context":"https:\/\/schema.org","@graph":[{"@type":"WebPage","@id":"https:\/\/bimbrito.art\/a-artista\/","url":"https:\/\/bimbrito.art\/a-artista\/","name":"A Artista - Bim Brito","isPartOf":{"@id":"https:\/\/bimbrito.art\/es\/#website"},"primaryImageOfPage":{"@id":"https:\/\/bimbrito.art\/a-artista\/#primaryimage"},"image":{"@id":"https:\/\/bimbrito.art\/a-artista\/#primaryimage"},"thumbnailUrl":"https:\/\/bimbrito.art\/wp-content\/uploads\/2025\/01\/IMG_3485.jpeg","datePublished":"2024-12-05T04:16:56+00:00","dateModified":"2025-04-12T00:15:19+00:00","breadcrumb":{"@id":"https:\/\/bimbrito.art\/a-artista\/#breadcrumb"},"inLanguage":"es-ES","potentialAction":[{"@type":"ReadAction","target":["https:\/\/bimbrito.art\/a-artista\/"]}]},{"@type":"ImageObject","inLanguage":"es-ES","@id":"https:\/\/bimbrito.art\/a-artista\/#primaryimage","url":"https:\/\/bimbrito.art\/wp-content\/uploads\/2025\/01\/IMG_3485.jpeg","contentUrl":"https:\/\/bimbrito.art\/wp-content\/uploads\/2025\/01\/IMG_3485.jpeg","width":1290,"height":1752},{"@type":"BreadcrumbList","@id":"https:\/\/bimbrito.art\/a-artista\/#breadcrumb","itemListElement":[{"@type":"ListItem","position":1,"name":"In\u00edcio","item":"https:\/\/bimbrito.art\/es\/"},{"@type":"ListItem","position":2,"name":"A Artista"}]},{"@type":"WebSite","@id":"https:\/\/bimbrito.art\/es\/#website","url":"https:\/\/bimbrito.art\/es\/","name":"Bim Brito","description":"Reencuadrar im\u00e1genes, momentos y sentimientos en el arte.","potentialAction":[{"@type":"SearchAction","target":{"@type":"EntryPoint","urlTemplate":"https:\/\/bimbrito.art\/es\/?s={search_term_string}"},"query-input":{"@type":"PropertyValueSpecification","valueRequired":true,"valueName":"search_term_string"}}],"inLanguage":"es-ES"}]}},"_links":{"self":[{"href":"https:\/\/bimbrito.art\/es\/wp-json\/wp\/v2\/pages\/104","targetHints":{"allow":["GET"]}}],"collection":[{"href":"https:\/\/bimbrito.art\/es\/wp-json\/wp\/v2\/pages"}],"about":[{"href":"https:\/\/bimbrito.art\/es\/wp-json\/wp\/v2\/types\/page"}],"author":[{"embeddable":true,"href":"https:\/\/bimbrito.art\/es\/wp-json\/wp\/v2\/users\/1"}],"replies":[{"embeddable":true,"href":"https:\/\/bimbrito.art\/es\/wp-json\/wp\/v2\/comments?post=104"}],"version-history":[{"count":29,"href":"https:\/\/bimbrito.art\/es\/wp-json\/wp\/v2\/pages\/104\/revisions"}],"predecessor-version":[{"id":555,"href":"https:\/\/bimbrito.art\/es\/wp-json\/wp\/v2\/pages\/104\/revisions\/555"}],"wp:featuredmedia":[{"embeddable":true,"href":"https:\/\/bimbrito.art\/es\/wp-json\/wp\/v2\/media\/418"}],"wp:attachment":[{"href":"https:\/\/bimbrito.art\/es\/wp-json\/wp\/v2\/media?parent=104"}],"curies":[{"name":"wp","href":"https:\/\/api.w.org\/{rel}","templated":true}]}}