{"id":104,"date":"2024-12-05T01:16:56","date_gmt":"2024-12-05T04:16:56","guid":{"rendered":"https:\/\/bimbrito.art\/?page_id=104"},"modified":"2025-04-11T21:15:19","modified_gmt":"2025-04-12T00:15:19","slug":"a-artista","status":"publish","type":"page","link":"https:\/\/bimbrito.art\/fr\/a-artista\/","title":{"rendered":"L'artiste"},"content":{"rendered":"<div data-elementor-type=\"wp-page\" data-elementor-id=\"104\" class=\"elementor elementor-104\" data-elementor-post-type=\"page\">\n\t\t\t\t\t\t<section class=\"elementor-section elementor-top-section elementor-element elementor-element-e9b6b65 elementor-section-content-middle elementor-section-boxed elementor-section-height-default elementor-section-height-default\" data-id=\"e9b6b65\" data-element_type=\"section\">\n\t\t\t\t\t\t<div class=\"elementor-container elementor-column-gap-default\">\n\t\t\t\t\t<div class=\"elementor-column elementor-col-50 elementor-top-column elementor-element elementor-element-9fdc1ca\" data-id=\"9fdc1ca\" data-element_type=\"column\">\n\t\t\t<div class=\"elementor-widget-wrap elementor-element-populated\">\n\t\t\t\t\t\t<div class=\"elementor-element elementor-element-b366d2c elementor-widget elementor-widget-image\" data-id=\"b366d2c\" data-element_type=\"widget\" data-widget_type=\"image.default\">\n\t\t\t\t<div class=\"elementor-widget-container\">\n\t\t\t\t\t\t\t\t\t\t\t\t\t\t\t<img decoding=\"async\" src=\"https:\/\/bimbrito.art\/wp-content\/uploads\/2025\/01\/IMG_3485.jpeg\" title=\"IMG_3485\" alt=\"IMG_3485\" loading=\"lazy\" \/>\t\t\t\t\t\t\t\t\t\t\t\t\t\t\t<\/div>\n\t\t\t\t<\/div>\n\t\t\t\t\t<\/div>\n\t\t<\/div>\n\t\t\t\t<div class=\"elementor-column elementor-col-50 elementor-top-column elementor-element elementor-element-ea1f09d\" data-id=\"ea1f09d\" data-element_type=\"column\" data-settings=\"{&quot;background_background&quot;:&quot;classic&quot;}\">\n\t\t\t<div class=\"elementor-widget-wrap elementor-element-populated\">\n\t\t\t\t\t\t<div class=\"elementor-element elementor-element-a8bb003 elementor-widget elementor-widget-heading\" data-id=\"a8bb003\" data-element_type=\"widget\" data-widget_type=\"heading.default\">\n\t\t\t\t<div class=\"elementor-widget-container\">\n\t\t\t\t\t<h2 class=\"elementor-heading-title elementor-size-default\">Bim Brito<\/h2>\t\t\t\t<\/div>\n\t\t\t\t<\/div>\n\t\t\t\t<div class=\"elementor-element elementor-element-4111201 elementor-widget elementor-widget-text-editor\" data-id=\"4111201\" data-element_type=\"widget\" data-widget_type=\"text-editor.default\">\n\t\t\t\t<div class=\"elementor-widget-container\">\n\t\t\t\t\t\t\t\t\t<div><div><p dir=\"auto\">Bienvenue ! Je suis un artiste visuel et un entrepreneur, n\u00e9 et \u00e9lev\u00e9 \u00e0 Rio de Janeiro, et ma carri\u00e8re associe la communication, la technologie et l'art.\u00a0<\/p><p dir=\"auto\">Femme d'affaires dans le secteur des communications et des technologies, j'\u00e9tudie depuis cinq ans la peinture, les couleurs et les formes \u00e0 l'\u00e9cole d'arts visuels Parque Lage, o\u00f9 j'essaie d'explorer des formes d'expression qui dialoguent avec mon exp\u00e9rience de l'innovation et de la cr\u00e9ativit\u00e9.\u00a0<\/p><p dir=\"auto\">Mon <a href=\"https:\/\/bimbrito.art\/fr\/obras\/\">travaux<\/a> refl\u00e8tent un lien profond avec la ville et sa dynamique, traduisant l'intersection entre l'urbain et le subjectif en couleurs et en textures.<\/p><p dir=\"auto\">Avec un regard sensible et technique, je cherche \u00e0 \u00e9largir mes horizons artistiques en utilisant des \u00e9l\u00e9ments contemporains qui refl\u00e8tent les transformations sociales et num\u00e9riques qui m'entourent.\u00a0<\/p><p dir=\"auto\">Mon travail peut \u00eatre <a href=\"https:\/\/bimbrito.art\/fr\/obras\/\">explor\u00e9e sur ce site<\/a> o\u00f9 je pr\u00e9sente des compositions qui oscillent entre l'abstrait et le figuratif, toujours avec une approche authentique et r\u00e9fl\u00e9chie de la r\u00e9alit\u00e9 de Rio et des r\u00e9flexions sur les th\u00e8mes les plus divers li\u00e9s \u00e0 ma vie quotidienne.<\/p><\/div><\/div><div dir=\"auto\">\u00a0<\/div>\t\t\t\t\t\t\t\t<\/div>\n\t\t\t\t<\/div>\n\t\t\t\t\t<\/div>\n\t\t<\/div>\n\t\t\t\t\t<\/div>\n\t\t<\/section>\n\t\t\t\t<\/div>","protected":false},"excerpt":{"rendered":"<p>Bim Brito Bem-vindos! Sou artista visual e empreendedora, nascida e crescida no Rio de Janeiro, minha trajet\u00f3ria une comunica\u00e7\u00e3o, tecnologia e arte.\u00a0 Empres\u00e1ria do setor de comunica\u00e7\u00e3o e tecnologia,\u00a0 dedico-me ao estudo de pintura, cores e formas na Escola de Artes Visuais do Parque Lage h\u00e1 5 anos, onde busco explorar formas de express\u00e3o que [&hellip;]<\/p>","protected":false},"author":1,"featured_media":418,"parent":0,"menu_order":0,"comment_status":"closed","ping_status":"closed","template":"","meta":{"_acf_changed":false,"footnotes":""},"class_list":["post-104","page","type-page","status-publish","has-post-thumbnail","hentry"],"acf":[],"yoast_head":"<!-- This site is optimized with the Yoast SEO plugin v26.0 - https:\/\/yoast.com\/wordpress\/plugins\/seo\/ -->\n<title>A Artista - Bim Brito<\/title>\n<meta name=\"robots\" content=\"index, follow, max-snippet:-1, max-image-preview:large, max-video-preview:-1\" \/>\n<link rel=\"canonical\" href=\"https:\/\/bimbrito.art\/fr\/a-artista\/\" \/>\n<meta property=\"og:locale\" content=\"fr_FR\" \/>\n<meta property=\"og:type\" content=\"article\" \/>\n<meta property=\"og:title\" content=\"A Artista - Bim Brito\" \/>\n<meta property=\"og:description\" content=\"Bim Brito Bem-vindos! Sou artista visual e empreendedora, nascida e crescida no Rio de Janeiro, minha trajet\u00f3ria une comunica\u00e7\u00e3o, tecnologia e arte.\u00a0 Empres\u00e1ria do setor de comunica\u00e7\u00e3o e tecnologia,\u00a0 dedico-me ao estudo de pintura, cores e formas na Escola de Artes Visuais do Parque Lage h\u00e1 5 anos, onde busco explorar formas de express\u00e3o que [&hellip;]\" \/>\n<meta property=\"og:url\" content=\"https:\/\/bimbrito.art\/fr\/a-artista\/\" \/>\n<meta property=\"og:site_name\" content=\"Bim Brito\" \/>\n<meta property=\"article:modified_time\" content=\"2025-04-12T00:15:19+00:00\" \/>\n<meta property=\"og:image\" content=\"https:\/\/bimbrito.art\/wp-content\/uploads\/2025\/01\/IMG_3485.jpeg\" \/>\n\t<meta property=\"og:image:width\" content=\"1290\" \/>\n\t<meta property=\"og:image:height\" content=\"1752\" \/>\n\t<meta property=\"og:image:type\" content=\"image\/jpeg\" \/>\n<meta name=\"twitter:card\" content=\"summary_large_image\" \/>\n<meta name=\"twitter:label1\" content=\"Est. reading time\" \/>\n\t<meta name=\"twitter:data1\" content=\"2 minutes\" \/>\n<script type=\"application\/ld+json\" class=\"yoast-schema-graph\">{\"@context\":\"https:\/\/schema.org\",\"@graph\":[{\"@type\":\"WebPage\",\"@id\":\"https:\/\/bimbrito.art\/a-artista\/\",\"url\":\"https:\/\/bimbrito.art\/a-artista\/\",\"name\":\"A Artista - Bim Brito\",\"isPartOf\":{\"@id\":\"https:\/\/bimbrito.art\/es\/#website\"},\"primaryImageOfPage\":{\"@id\":\"https:\/\/bimbrito.art\/a-artista\/#primaryimage\"},\"image\":{\"@id\":\"https:\/\/bimbrito.art\/a-artista\/#primaryimage\"},\"thumbnailUrl\":\"https:\/\/bimbrito.art\/wp-content\/uploads\/2025\/01\/IMG_3485.jpeg\",\"datePublished\":\"2024-12-05T04:16:56+00:00\",\"dateModified\":\"2025-04-12T00:15:19+00:00\",\"breadcrumb\":{\"@id\":\"https:\/\/bimbrito.art\/a-artista\/#breadcrumb\"},\"inLanguage\":\"fr-FR\",\"potentialAction\":[{\"@type\":\"ReadAction\",\"target\":[\"https:\/\/bimbrito.art\/a-artista\/\"]}]},{\"@type\":\"ImageObject\",\"inLanguage\":\"fr-FR\",\"@id\":\"https:\/\/bimbrito.art\/a-artista\/#primaryimage\",\"url\":\"https:\/\/bimbrito.art\/wp-content\/uploads\/2025\/01\/IMG_3485.jpeg\",\"contentUrl\":\"https:\/\/bimbrito.art\/wp-content\/uploads\/2025\/01\/IMG_3485.jpeg\",\"width\":1290,\"height\":1752},{\"@type\":\"BreadcrumbList\",\"@id\":\"https:\/\/bimbrito.art\/a-artista\/#breadcrumb\",\"itemListElement\":[{\"@type\":\"ListItem\",\"position\":1,\"name\":\"In\u00edcio\",\"item\":\"https:\/\/bimbrito.art\/es\/\"},{\"@type\":\"ListItem\",\"position\":2,\"name\":\"A Artista\"}]},{\"@type\":\"WebSite\",\"@id\":\"https:\/\/bimbrito.art\/es\/#website\",\"url\":\"https:\/\/bimbrito.art\/es\/\",\"name\":\"Bim Brito\",\"description\":\"Ressignificando imagens, momentos e sentimentos em arte.\",\"potentialAction\":[{\"@type\":\"SearchAction\",\"target\":{\"@type\":\"EntryPoint\",\"urlTemplate\":\"https:\/\/bimbrito.art\/es\/?s={search_term_string}\"},\"query-input\":{\"@type\":\"PropertyValueSpecification\",\"valueRequired\":true,\"valueName\":\"search_term_string\"}}],\"inLanguage\":\"fr-FR\"}]}<\/script>\n<!-- \/ Yoast SEO plugin. -->","yoast_head_json":{"title":"A Artista - Bim Brito","robots":{"index":"index","follow":"follow","max-snippet":"max-snippet:-1","max-image-preview":"max-image-preview:large","max-video-preview":"max-video-preview:-1"},"canonical":"https:\/\/bimbrito.art\/fr\/a-artista\/","og_locale":"fr_FR","og_type":"article","og_title":"A Artista - Bim Brito","og_description":"Bim Brito Bem-vindos! Sou artista visual e empreendedora, nascida e crescida no Rio de Janeiro, minha trajet\u00f3ria une comunica\u00e7\u00e3o, tecnologia e arte.\u00a0 Empres\u00e1ria do setor de comunica\u00e7\u00e3o e tecnologia,\u00a0 dedico-me ao estudo de pintura, cores e formas na Escola de Artes Visuais do Parque Lage h\u00e1 5 anos, onde busco explorar formas de express\u00e3o que [&hellip;]","og_url":"https:\/\/bimbrito.art\/fr\/a-artista\/","og_site_name":"Bim Brito","article_modified_time":"2025-04-12T00:15:19+00:00","og_image":[{"width":1290,"height":1752,"url":"https:\/\/bimbrito.art\/wp-content\/uploads\/2025\/01\/IMG_3485.jpeg","type":"image\/jpeg"}],"twitter_card":"summary_large_image","twitter_misc":{"Est. reading time":"2 minutes"},"schema":{"@context":"https:\/\/schema.org","@graph":[{"@type":"WebPage","@id":"https:\/\/bimbrito.art\/a-artista\/","url":"https:\/\/bimbrito.art\/a-artista\/","name":"A Artista - Bim Brito","isPartOf":{"@id":"https:\/\/bimbrito.art\/es\/#website"},"primaryImageOfPage":{"@id":"https:\/\/bimbrito.art\/a-artista\/#primaryimage"},"image":{"@id":"https:\/\/bimbrito.art\/a-artista\/#primaryimage"},"thumbnailUrl":"https:\/\/bimbrito.art\/wp-content\/uploads\/2025\/01\/IMG_3485.jpeg","datePublished":"2024-12-05T04:16:56+00:00","dateModified":"2025-04-12T00:15:19+00:00","breadcrumb":{"@id":"https:\/\/bimbrito.art\/a-artista\/#breadcrumb"},"inLanguage":"fr-FR","potentialAction":[{"@type":"ReadAction","target":["https:\/\/bimbrito.art\/a-artista\/"]}]},{"@type":"ImageObject","inLanguage":"fr-FR","@id":"https:\/\/bimbrito.art\/a-artista\/#primaryimage","url":"https:\/\/bimbrito.art\/wp-content\/uploads\/2025\/01\/IMG_3485.jpeg","contentUrl":"https:\/\/bimbrito.art\/wp-content\/uploads\/2025\/01\/IMG_3485.jpeg","width":1290,"height":1752},{"@type":"BreadcrumbList","@id":"https:\/\/bimbrito.art\/a-artista\/#breadcrumb","itemListElement":[{"@type":"ListItem","position":1,"name":"In\u00edcio","item":"https:\/\/bimbrito.art\/es\/"},{"@type":"ListItem","position":2,"name":"A Artista"}]},{"@type":"WebSite","@id":"https:\/\/bimbrito.art\/es\/#website","url":"https:\/\/bimbrito.art\/es\/","name":"Bim Brito","description":"Recadrer les images, les moments et les sentiments dans l'art.","potentialAction":[{"@type":"SearchAction","target":{"@type":"EntryPoint","urlTemplate":"https:\/\/bimbrito.art\/es\/?s={search_term_string}"},"query-input":{"@type":"PropertyValueSpecification","valueRequired":true,"valueName":"search_term_string"}}],"inLanguage":"fr-FR"}]}},"_links":{"self":[{"href":"https:\/\/bimbrito.art\/fr\/wp-json\/wp\/v2\/pages\/104","targetHints":{"allow":["GET"]}}],"collection":[{"href":"https:\/\/bimbrito.art\/fr\/wp-json\/wp\/v2\/pages"}],"about":[{"href":"https:\/\/bimbrito.art\/fr\/wp-json\/wp\/v2\/types\/page"}],"author":[{"embeddable":true,"href":"https:\/\/bimbrito.art\/fr\/wp-json\/wp\/v2\/users\/1"}],"replies":[{"embeddable":true,"href":"https:\/\/bimbrito.art\/fr\/wp-json\/wp\/v2\/comments?post=104"}],"version-history":[{"count":29,"href":"https:\/\/bimbrito.art\/fr\/wp-json\/wp\/v2\/pages\/104\/revisions"}],"predecessor-version":[{"id":555,"href":"https:\/\/bimbrito.art\/fr\/wp-json\/wp\/v2\/pages\/104\/revisions\/555"}],"wp:featuredmedia":[{"embeddable":true,"href":"https:\/\/bimbrito.art\/fr\/wp-json\/wp\/v2\/media\/418"}],"wp:attachment":[{"href":"https:\/\/bimbrito.art\/fr\/wp-json\/wp\/v2\/media?parent=104"}],"curies":[{"name":"wp","href":"https:\/\/api.w.org\/{rel}","templated":true}]}}